{"id":7,"date":"2025-01-03T11:46:37","date_gmt":"2025-01-03T11:46:37","guid":{"rendered":"https:\/\/www.kansantaju.fi\/?page_id=7"},"modified":"2025-02-24T17:11:14","modified_gmt":"2025-02-24T17:11:14","slug":"home","status":"publish","type":"page","link":"https:\/\/www.kansantaju.fi\/","title":{"rendered":"Kansantaju"},"content":{"rendered":"\n<div class=\"wp-block-cover alignfull has-custom-content-position is-position-top-right wp-duotone-unset-1\" style=\"min-height:753px;aspect-ratio:unset;\"><span aria-hidden=\"true\" class=\"wp-block-cover__background has-background-dim-100 has-background-dim has-background-gradient\" style=\"background:linear-gradient(230deg,rgb(86,177,230) 0%,rgb(93,78,191) 59%,rgb(65,88,208) 100%)\"><\/span><div class=\"wp-block-cover__inner-container is-layout-flow wp-block-cover-is-layout-flow\">\n<h1 class=\"wp-block-heading alignwide has-text-align-center has-ast-global-color-4-color has-text-color has-link-color wp-elements-4892b71e3de6a9ff3a41b92e57a9dff5\" id=\"we-re-a-studio-in-berlin-with-an-international-practice-in-architecture-urban-planning-and-interior-design-we-believe-in-sharing-knowledge-and-promoting-dialogue-to-increase-the-creative-potential-of-collaboration\" style=\"font-size:30px;line-height:1.5\">Omarahoitus kuntoon<\/h1>\n\n\n\n<div class=\"inherit-container-width wp-block-group alignwide is-layout-constrained wp-block-group-is-layout-constrained\">\n<div class=\"wp-block-media-text alignwide has-media-on-the-right is-stacked-on-mobile is-vertically-aligned-top\" style=\"border-style:none;border-width:0px;border-radius:0px;grid-template-columns:auto 29%\"><div class=\"wp-block-media-text__content\">\n<p class=\"has-ast-global-color-5-color has-text-color has-link-color has-medium-font-size wp-elements-f391a7e0cf09974bf234713f642763cf\">Kansantaju vahvistaa kansalaisyhteiskuntaa. Yritys palvelee parantamalla mahdollisuuksia palkata ammattilaisia vapaaehtoisen toiminnan yll\u00e4pit\u00e4miseen, ja parantamalla mahdollisuuksia rahoittaa omatoimisesti vapaaehtoista toimintaa. Yrityksen palvelut ovat maksullisia, mutta niiden tavoite on aina kattaa kulut ja tuottaa palvelun tilaajalle tuloja toimintanne rahoittamiseksi.&nbsp;<\/p>\n\n\n\n<p class=\"has-ast-global-color-5-color has-text-color has-link-color has-medium-font-size wp-elements-8108a6a5f86564e912ad4fedb2be8f92\">Palvelujen toinen tavoite on aina edist\u00e4\u00e4 vapaaehtoisuutta. Vapaaehtoisuus on kansalaisyhteiskunnan t\u00e4rkein voimavara monella tavalla. Vapaaehtoiset antavat osaamistaan, aikaansa ja rahaa sellaiseen toimintaan, jonka kokevat olevan t\u00e4rke\u00e4\u00e4 ja merkityksellist\u00e4. Motiivina ovat usein vapaaehtoisten henkil\u00f6kohtaiset kokemukset tai l\u00e4heisten ja tuttavien auttaminen. Hy\u00f6dyllisyyden lis\u00e4ksi motiivina on usein toiminnan tuottama ilo.<\/p>\n\n\n\n<p class=\"has-ast-global-color-5-color has-text-color has-link-color has-medium-font-size wp-elements-698722642f382a88ee359cfedcb731bd\">Omarahoitus v\u00e4hent\u00e4\u00e4 toimintanne riippuvuutta julkisesta rahoituksesta. Kansalaisyhteiskunnan t\u00e4rkeimm\u00e4t rahoittajat ovat usein julkisen tahon toimijoita, eli Suomen valtio sek\u00e4 ne uskonnolliset yhteis\u00f6t, joilla on valtion lis\u00e4ksi verotusoikeus. Niit\u00e4 ohjataan poliittisesti. T\u00e4st\u00e4 syyst\u00e4 niiden my\u00f6nt\u00e4mien tukien ja avustusten hakemuksissa vaaditaan tarkkoja perusteluja, eli kysyt\u00e4\u00e4n toiminnan arvoista, tarkoituksesta ja vaikuttavuudesta. Julkisten tukien ja avustusten saaminen riippuu siit\u00e4, miten poliittisesti hyv\u00e4ksytt\u00e4v\u00e4\u00e4 toimintanne milloinkin on, ja osaatteko kertoa toiminnan merkityksest\u00e4 riitt\u00e4v\u00e4sti ja selke\u00e4sti.<\/p>\n\n\n\n<pre class=\"wp-block-verse has-ast-global-color-0-color has-text-color has-link-color has-medium-font-size wp-elements-69ff1d98787e67d04b528fa039776da4\">Kansantaju on kehitysyhti\u00f6, joka tuottaa muutoksissa tarvittavia palveluja. Verkostomme kasvaa koko ajan.<br><br>Suunnittelemme ja toteuttammme jatkuvuutta ja kasvua kansalaisyhteiskunnan toimijoille asiantuntijoiden verkoston ja palvelujen avulla. <\/pre>\n\n\n\n<p class=\"has-text-align-center has-pale-cyan-blue-color has-text-color has-link-color has-small-font-size wp-elements-c1cb5997a0dae839a26e01d6839838a8\">SOITA 050 581 4844 <br>timo.karonen@kansantaju.fi<\/p>\n\n\n\n<p class=\"has-text-align-center has-pale-cyan-blue-color has-text-color has-link-color has-medium-font-size wp-elements-43d853d989653fc06d528d61dcbcebc7\"><a href=\"https:\/\/www.kansantaju.fi\/index.php\/yhteys\/\" data-type=\"page\" data-id=\"75\">Yhteys<\/a><\/p>\n<\/div><figure class=\"wp-block-media-text__media\"><img loading=\"lazy\" decoding=\"async\" width=\"300\" height=\"300\" src=\"https:\/\/www.kansantaju.fi\/wp-content\/uploads\/2025\/01\/Timo-300x300.jpeg\" alt=\"Timo Karonen auttaa omarahoituksen vahvistamisessa kansalaisyhteiskunnan toimijoita.\" class=\"wp-image-26 size-medium\" srcset=\"https:\/\/www.kansantaju.fi\/wp-content\/uploads\/2025\/01\/Timo-300x300.jpeg 300w, https:\/\/www.kansantaju.fi\/wp-content\/uploads\/2025\/01\/Timo-150x150.jpeg 150w, https:\/\/www.kansantaju.fi\/wp-content\/uploads\/2025\/01\/Timo-768x768.jpeg 768w, https:\/\/www.kansantaju.fi\/wp-content\/uploads\/2025\/01\/Timo.jpeg 800w\" sizes=\"auto, (max-width: 300px) 100vw, 300px\" \/><\/figure><\/div>\n<\/div>\n<\/div><\/div>\n\n\n\n<div class=\"wp-block-group alignfull is-layout-constrained wp-container-core-group-is-layout-ace8a6a4 wp-block-group-is-layout-constrained\" id=\"whyus\" style=\"padding-top:47px;padding-bottom:47px\">\n<h2 class=\"wp-block-heading has-text-align-center has-ast-global-color-7-color has-ast-global-color-2-background-color has-text-color has-background has-link-color has-medium-font-size wp-elements-d21bff136771ce079116a8536c130aa9\" style=\"border-radius:10px\">Yhteisty\u00f6n iloa \u2013 kolmas sektori tarvitsee yritysten verkoston palveluja<\/h2>\n\n\n\n<div class=\"wp-block-columns is-layout-flex wp-container-core-columns-is-layout-29aadeec wp-block-columns-is-layout-flex\" style=\"margin-top:60px\">\n<div class=\"wp-block-column is-layout-flow wp-container-core-column-is-layout-6b73ce23 wp-block-column-is-layout-flow\">\n<figure class=\"wp-block-image size-large\"><img decoding=\"async\" src=\"https:\/\/www.kansantaju.fi\/wp-content\/themes\/astra\/inc\/assets\/images\/starter-content\/passionate.svg\" alt=\"\" class=\"wp-image-162\"\/><\/figure>\n\n\n\n<h3 class=\"wp-block-heading\" style=\"margin-top:16px\">Tavoittavuus<\/h3>\n\n\n\n<p>Nykyaikana on monia eri keinoja saada viestit toimintanne vaikutuksista ja merkityksellisyydest\u00e4 perille. <\/p>\n<\/div>\n\n\n\n<div class=\"wp-block-column is-layout-flow wp-container-core-column-is-layout-6b73ce23 wp-block-column-is-layout-flow\">\n<figure class=\"wp-block-image size-large\"><img decoding=\"async\" src=\"https:\/\/www.kansantaju.fi\/wp-content\/themes\/astra\/inc\/assets\/images\/starter-content\/professional.svg\" alt=\"\" class=\"wp-image-163\"\/><\/figure>\n\n\n\n<h3 class=\"wp-block-heading has-large-font-size\" style=\"margin-top:16px\">Vapaaehtoisuus<\/h3>\n\n\n\n<p>Toiminnan merkityksellisyydest\u00e4 viestiminen ratkaisee, kuinka paljon vapaaehtoisuus houkuttelee.<\/p>\n<\/div>\n\n\n\n<div class=\"wp-block-column is-layout-flow wp-container-core-column-is-layout-6b73ce23 wp-block-column-is-layout-flow\">\n<figure class=\"wp-block-image size-large\"><img decoding=\"async\" src=\"https:\/\/www.kansantaju.fi\/wp-content\/themes\/astra\/inc\/assets\/images\/starter-content\/support.svg\" alt=\"\" class=\"wp-image-164\"\/><\/figure>\n\n\n\n<h3 class=\"wp-block-heading has-large-font-size\" style=\"margin-top:16px\">Jatkuvuus ja ilo<\/h3>\n\n\n\n<p>Hallinnossa ja sis\u00e4isess\u00e4 viestinn\u00e4ss\u00e4 ovat k\u00e4yt\u00f6ss\u00e4 samat keinot kuin viestinn\u00e4ss\u00e4 ulosp\u00e4in. Iloon liityt\u00e4\u00e4n.<\/p>\n<\/div>\n<\/div>\n<\/div>\n\n\n\n<div class=\"wp-block-group alignfull has-background is-layout-constrained wp-container-core-group-is-layout-c6151af2 wp-block-group-is-layout-constrained\" id=\"contact\" style=\"background:linear-gradient(35deg,rgb(6,0,151) 0%,rgb(130,4,255) 64%,rgb(193,15,255) 98%);padding-top:104px;padding-bottom:104px\">\n<h2 class=\"wp-block-heading has-text-align-center has-text-color has-x-large-font-size\" style=\"color:#ffffff\">T\u00e4n\u00e4\u00e4nkin on hyv\u00e4 p\u00e4iv\u00e4 l\u00f6yt\u00e4\u00e4 parhaat ratkaisut<\/h2>\n\n\n\n<div class=\"wp-block-buttons alignwide is-horizontal is-content-justification-center is-layout-flex wp-container-core-buttons-is-layout-bba8380a wp-block-buttons-is-layout-flex\" style=\"border-radius:8px;margin-top:50px\">\n<div class=\"wp-block-button\"><a class=\"wp-block-button__link wp-element-button\" href=\"https:\/\/www.kansantaju.fi\/index.php\/yhteys\/\">Ota yhteytt\u00e4<\/a><\/div>\n<\/div>\n<\/div>\n","protected":false},"excerpt":{"rendered":"<p>Yhteisty\u00f6n iloa \u2013 kolmas sektori tarvitsee yritysten verkoston palveluja Tavoittavuus Nykyaikana on monia eri keinoja saada viestit toimintanne vaikutuksista ja [&hellip;]<\/p>\n","protected":false},"author":2,"featured_media":0,"parent":0,"menu_order":1,"comment_status":"closed","ping_status":"closed","template":"","meta":{"_uag_custom_page_level_css":"","site-sidebar-layout":"no-sidebar","site-content-layout":"plain-container","ast-site-content-layout":"normal-width-container","site-content-style":"unboxed","site-sidebar-style":"default","ast-global-header-display":"","ast-banner-title-visibility":"","ast-main-header-display":"","ast-hfb-above-header-display":"","ast-hfb-below-header-display":"","ast-hfb-mobile-header-display":"","site-post-title":"disabled","ast-breadcrumbs-content":"","ast-featured-img":"","footer-sml-layout":"","ast-disable-related-posts":"","theme-transparent-header-meta":"enabled","adv-header-id-meta":"","stick-header-meta":"","header-above-stick-meta":"","header-main-stick-meta":"","header-below-stick-meta":"","astra-migrate-meta-layouts":"default","ast-page-background-enabled":"default","ast-page-background-meta":{"desktop":{"background-color":"var(--ast-global-color-5)","background-image":"","background-repeat":"repeat","background-position":"center center","background-size":"auto","background-attachment":"scroll","background-type":"","background-media":"","overlay-type":"","overlay-color":"","overlay-opacity":"","overlay-gradient":""},"tablet":{"background-color":"","background-image":"","background-repeat":"repeat","background-position":"center center","background-size":"auto","background-attachment":"scroll","background-type":"","background-media":"","overlay-type":"","overlay-color":"","overlay-opacity":"","overlay-gradient":""},"mobile":{"background-color":"","background-image":"","background-repeat":"repeat","background-position":"center center","background-size":"auto","background-attachment":"scroll","background-type":"","background-media":"","overlay-type":"","overlay-color":"","overlay-opacity":"","overlay-gradient":""}},"ast-content-background-meta":{"desktop":{"background-color":"var(--ast-global-color-4)","background-image":"","background-repeat":"repeat","background-position":"center center","background-size":"auto","background-attachment":"scroll","background-type":"","background-media":"","overlay-type":"","overlay-color":"","overlay-opacity":"","overlay-gradient":""},"tablet":{"background-color":"var(--ast-global-color-4)","background-image":"","background-repeat":"repeat","background-position":"center center","background-size":"auto","background-attachment":"scroll","background-type":"","background-media":"","overlay-type":"","overlay-color":"","overlay-opacity":"","overlay-gradient":""},"mobile":{"background-color":"var(--ast-global-color-4)","background-image":"","background-repeat":"repeat","background-position":"center center","background-size":"auto","background-attachment":"scroll","background-type":"","background-media":"","overlay-type":"","overlay-color":"","overlay-opacity":"","overlay-gradient":""}},"footnotes":""},"class_list":["post-7","page","type-page","status-publish","hentry"],"uagb_featured_image_src":{"full":false,"thumbnail":false,"medium":false,"medium_large":false,"large":false,"1536x1536":false,"2048x2048":false},"uagb_author_info":{"display_name":"Timo Karonen","author_link":"https:\/\/www.kansantaju.fi\/index.php\/author\/timo-karonenkansantaju-fi\/"},"uagb_comment_info":0,"uagb_excerpt":"Yhteisty\u00f6n iloa \u2013 kolmas sektori tarvitsee yritysten verkoston palveluja Tavoittavuus Nykyaikana on monia eri keinoja saada viestit toimintanne vaikutuksista ja [&hellip;]","_links":{"self":[{"href":"https:\/\/www.kansantaju.fi\/index.php\/wp-json\/wp\/v2\/pages\/7","targetHints":{"allow":["GET"]}}],"collection":[{"href":"https:\/\/www.kansantaju.fi\/index.php\/wp-json\/wp\/v2\/pages"}],"about":[{"href":"https:\/\/www.kansantaju.fi\/index.php\/wp-json\/wp\/v2\/types\/page"}],"author":[{"embeddable":true,"href":"https:\/\/www.kansantaju.fi\/index.php\/wp-json\/wp\/v2\/users\/2"}],"replies":[{"embeddable":true,"href":"https:\/\/www.kansantaju.fi\/index.php\/wp-json\/wp\/v2\/comments?post=7"}],"version-history":[{"count":81,"href":"https:\/\/www.kansantaju.fi\/index.php\/wp-json\/wp\/v2\/pages\/7\/revisions"}],"predecessor-version":[{"id":374,"href":"https:\/\/www.kansantaju.fi\/index.php\/wp-json\/wp\/v2\/pages\/7\/revisions\/374"}],"wp:attachment":[{"href":"https:\/\/www.kansantaju.fi\/index.php\/wp-json\/wp\/v2\/media?parent=7"}],"curies":[{"name":"wp","href":"https:\/\/api.w.org\/{rel}","templated":true}]}}